{"id":1050,"date":"2021-11-08T12:19:29","date_gmt":"2021-11-08T12:19:29","guid":{"rendered":"https:\/\/www.brulerie-chatelet.fr\/?post_type=product&#038;p=1050"},"modified":"2025-09-30T13:49:59","modified_gmt":"2025-09-30T13:49:59","slug":"moka-yrgacheffe-500g","status":"publish","type":"product","link":"https:\/\/www.brulerie-chatelet.fr\/?product=moka-yrgacheffe-500g","title":{"rendered":"Moka Yirgacheffe"},"content":{"rendered":"<p>Le Yrgacheffe (prononcez \u00ab\u00a0Yirgach\u00e8ff\u00e9\u00a0\u00bb) est souvent cit\u00e9 comme l&rsquo;un des grands caf\u00e9s d\u2019\u00c9thiopie. Cultiv\u00e9 autour de la <a href=\"https:\/\/fr.wikipedia.org\/wiki\/Irgachefe\">localit\u00e9 du m\u00eame nom<\/a> dans la zone de Gedeo, au sud-ouest de l\u2019\u00c9thiopie, ce caf\u00e9 a la particularit\u00e9 d&rsquo;\u00eatre cultiv\u00e9 en haute altitude entre 1700 et 2200 m\u00e8tres.<\/p>\n<p>Ce caf\u00e9 est particuli\u00e8rement appr\u00e9ci\u00e9 des amateurs pour ses ar\u00f4mes floraux et ses notes d&rsquo;agrumes, tout en restant doux, rond et onctueux en bouche.<\/p>\n<p>C&rsquo;est un caf\u00e9 tr\u00e8s versatile qui conviendra aussi bien aux expressos qu&rsquo;au caf\u00e9 filtre ou piston.<\/p>\n","protected":false},"excerpt":{"rendered":"<p>Le Yirgacheffe (prononcez \u00ab\u00a0Yirgach\u00e8ff\u00e9\u00a0\u00bb) est souvent cit\u00e9 comme l&rsquo;un des grands caf\u00e9s d\u2019\u00c9thiopie. Cultiv\u00e9 autour de la <a href=\"https:\/\/fr.wikipedia.org\/wiki\/Irgachefe\">localit\u00e9 du m\u00eame nom<\/a> dans la zone de Gedeo, au sud-ouest de l\u2019\u00c9thiopie, ce caf\u00e9 a la particularit\u00e9 d&rsquo;\u00eatre cultiv\u00e9 en haute altitude entre 1700 et 2200 m\u00e8tres.<\/p>\n<p>Ce caf\u00e9 est particuli\u00e8rement appr\u00e9ci\u00e9 des amateurs pour ses ar\u00f4mes floraux et ses notes d&rsquo;agrumes, tout en restant doux, rond et onctueux en bouche.<\/p>\n<p>C&rsquo;est un caf\u00e9 tr\u00e8s versatile qui conviendra aussi bien aux expressos qu&rsquo;au caf\u00e9 filtre ou piston.<\/p>\n","protected":false},"featured_media":2966,"template":"","meta":[],"product_brand":[],"product_cat":[28],"product_tag":[32],"class_list":{"0":"post-1050","1":"product","2":"type-product","3":"status-publish","4":"has-post-thumbnail","6":"product_cat-ethiopie","7":"product_tag-moka-yrgacheffe","9":"first","10":"instock","11":"taxable","12":"shipping-taxable","13":"purchasable","14":"product-type-variable"},"_links":{"self":[{"href":"https:\/\/www.brulerie-chatelet.fr\/index.php?rest_route=\/wp\/v2\/product\/1050","targetHints":{"allow":["GET"]}}],"collection":[{"href":"https:\/\/www.brulerie-chatelet.fr\/index.php?rest_route=\/wp\/v2\/product"}],"about":[{"href":"https:\/\/www.brulerie-chatelet.fr\/index.php?rest_route=\/wp\/v2\/types\/product"}],"wp:featuredmedia":[{"embeddable":true,"href":"https:\/\/www.brulerie-chatelet.fr\/index.php?rest_route=\/wp\/v2\/media\/2966"}],"wp:attachment":[{"href":"https:\/\/www.brulerie-chatelet.fr\/index.php?rest_route=%2Fwp%2Fv2%2Fmedia&parent=1050"}],"wp:term":[{"taxonomy":"product_brand","embeddable":true,"href":"https:\/\/www.brulerie-chatelet.fr\/index.php?rest_route=%2Fwp%2Fv2%2Fproduct_brand&post=1050"},{"taxonomy":"product_cat","embeddable":true,"href":"https:\/\/www.brulerie-chatelet.fr\/index.php?rest_route=%2Fwp%2Fv2%2Fproduct_cat&post=1050"},{"taxonomy":"product_tag","embeddable":true,"href":"https:\/\/www.brulerie-chatelet.fr\/index.php?rest_route=%2Fwp%2Fv2%2Fproduct_tag&post=1050"}],"curies":[{"name":"wp","href":"https:\/\/api.w.org\/{rel}","templated":true}]}}