{"id":1082,"date":"2021-11-09T10:23:10","date_gmt":"2021-11-09T10:23:10","guid":{"rendered":"https:\/\/www.brulerie-chatelet.fr\/?post_type=product&#038;p=1082"},"modified":"2025-09-30T12:43:50","modified_gmt":"2025-09-30T12:43:50","slug":"rwanda-gitambi-500g","status":"publish","type":"product","link":"https:\/\/www.brulerie-chatelet.fr\/?product=rwanda-gitambi-500g","title":{"rendered":"Rwanda Baho Vieilli 18 mois"},"content":{"rendered":"<p>Un arabica de vari\u00e9t\u00e9 bourbon rouge des plantations Baho, vieilli et affin\u00e9 en f\u00fbts par nos soins pendant 18 mois dans notre atelier.<\/p>\n<p>Cet affinage prolong\u00e9 va modifier le profil de ce caf\u00e9 pour une tasse puissante aux notes vives de fruits rouges accompagn\u00e9es d&rsquo;une intensit\u00e9 tr\u00e8s particuli\u00e8re.<\/p>\n<p>Pour les amateurs de sensations fortes \u00e0 la recherche d&rsquo;une tasse de caract\u00e8re.<\/p>\n","protected":false},"excerpt":{"rendered":"<p>Un arabica de vari\u00e9t\u00e9 bourbon rouge des plantations Baho, vieilli et affin\u00e9 en f\u00fbts par nos soins pendant 18 mois dans notre atelier.<\/p>\n<p>Cet affinage prolong\u00e9 va modifier le profil de ce caf\u00e9 pour une tasse puissante aux notes vives de fruits rouges accompagn\u00e9es d&rsquo;une intensit\u00e9 tr\u00e8s particuli\u00e8re.<\/p>\n<p>Pour les amateurs de sensations fortes \u00e0 la recherche d&rsquo;une tasse de caract\u00e8re.<\/p>\n","protected":false},"featured_media":2727,"template":"","meta":[],"product_brand":[],"product_cat":[36],"product_tag":[37],"class_list":{"0":"post-1082","1":"product","2":"type-product","3":"status-publish","4":"has-post-thumbnail","6":"product_cat-rwanda","7":"product_tag-rwanda-gitambi","9":"first","10":"instock","11":"taxable","12":"shipping-taxable","13":"purchasable","14":"product-type-variable"},"_links":{"self":[{"href":"https:\/\/www.brulerie-chatelet.fr\/index.php?rest_route=\/wp\/v2\/product\/1082","targetHints":{"allow":["GET"]}}],"collection":[{"href":"https:\/\/www.brulerie-chatelet.fr\/index.php?rest_route=\/wp\/v2\/product"}],"about":[{"href":"https:\/\/www.brulerie-chatelet.fr\/index.php?rest_route=\/wp\/v2\/types\/product"}],"wp:featuredmedia":[{"embeddable":true,"href":"https:\/\/www.brulerie-chatelet.fr\/index.php?rest_route=\/wp\/v2\/media\/2727"}],"wp:attachment":[{"href":"https:\/\/www.brulerie-chatelet.fr\/index.php?rest_route=%2Fwp%2Fv2%2Fmedia&parent=1082"}],"wp:term":[{"taxonomy":"product_brand","embeddable":true,"href":"https:\/\/www.brulerie-chatelet.fr\/index.php?rest_route=%2Fwp%2Fv2%2Fproduct_brand&post=1082"},{"taxonomy":"product_cat","embeddable":true,"href":"https:\/\/www.brulerie-chatelet.fr\/index.php?rest_route=%2Fwp%2Fv2%2Fproduct_cat&post=1082"},{"taxonomy":"product_tag","embeddable":true,"href":"https:\/\/www.brulerie-chatelet.fr\/index.php?rest_route=%2Fwp%2Fv2%2Fproduct_tag&post=1082"}],"curies":[{"name":"wp","href":"https:\/\/api.w.org\/{rel}","templated":true}]}}