{"id":1135,"date":"2021-11-09T13:03:46","date_gmt":"2021-11-09T13:03:46","guid":{"rendered":"https:\/\/www.brulerie-chatelet.fr\/?post_type=product&#038;p=1135"},"modified":"2025-09-30T12:27:54","modified_gmt":"2025-09-30T12:27:54","slug":"sumatra-mandheling-bio-500g","status":"publish","type":"product","link":"https:\/\/www.brulerie-chatelet.fr\/?product=sumatra-mandheling-bio-500g","title":{"rendered":"Sumatra Mandheling"},"content":{"rendered":"<p>Contrairement \u00e0 ce que l&rsquo;on pourrait penser, le nom de ce caf\u00e9 ne vient pas d&rsquo;une r\u00e9gion mais d&rsquo;un peuple : les <a href=\"https:\/\/fr.wikipedia.org\/wiki\/Batak_mandailing\">Mandailing<\/a> de <a href=\"https:\/\/fr.wikipedia.org\/wiki\/Sumatra\">l&rsquo;ile de Sumatra<\/a> en Indon\u00e9sie o\u00f9 les caf\u00e9iers ont pouss\u00e9.<\/p>\n<p>Comme ma plupart de nos caf\u00e9s, il est cultiv\u00e9 de fa\u00e7on traditionnelle sans pesticides et r\u00e9colt\u00e9 principalement \u00e0 la main, avec une m\u00e9thode de s\u00e9chage tr\u00e8s particuli\u00e8re utilis\u00e9e principalement en Indon\u00e9sie : le <a href=\"https:\/\/library.sweetmarias.com\/glossary\/wet-hulled-process\/\">Wet Hulling<\/a>.<\/p>\n<p>Vous pourrez donc y retrouver des notes bois\u00e9es et de chocolat qui proviennent de la terre volcanique sur lequel les plants ont pouss\u00e9.<\/p>\n<p>Id\u00e9al en espresso ou machine \u00e0 grains.<\/p>\n","protected":false},"excerpt":{"rendered":"<p>Contrairement \u00e0 ce que l&rsquo;on pourrait penser, le nom de ce caf\u00e9 ne vient pas d&rsquo;une r\u00e9gion mais d&rsquo;un peuple : les <a href=\"https:\/\/fr.wikipedia.org\/wiki\/Batak_mandailing\">Mandailing<\/a> de <a href=\"https:\/\/fr.wikipedia.org\/wiki\/Sumatra\">l&rsquo;ile de Sumatra<\/a> en Indon\u00e9sie o\u00f9 les caf\u00e9iers ont pouss\u00e9.<\/p>\n<p>Comme ma plupart de nos caf\u00e9s, il est cultiv\u00e9 de fa\u00e7on traditionnelle sans pesticides et r\u00e9colt\u00e9 principalement \u00e0 la main, avec une m\u00e9thode de s\u00e9chage tr\u00e8s particuli\u00e8re utilis\u00e9e principalement en Indon\u00e9sie : le <a href=\"https:\/\/library.sweetmarias.com\/glossary\/wet-hulled-process\/\">Wet Hulling<\/a>.<\/p>\n<p>Vous pourrez donc y retrouver des notes bois\u00e9es et de chocolat qui proviennent de la terre volcanique sur lequel les plants ont pouss\u00e9.<\/p>\n<p>Id\u00e9al en espresso ou machine \u00e0 grains.<\/p>\n","protected":false},"featured_media":2680,"template":"","meta":[],"product_brand":[],"product_cat":[44],"product_tag":[45],"class_list":{"0":"post-1135","1":"product","2":"type-product","3":"status-publish","4":"has-post-thumbnail","6":"product_cat-indonesie","7":"product_tag-indonesie-sumatra-bio","9":"first","10":"instock","11":"taxable","12":"shipping-taxable","13":"purchasable","14":"product-type-variable"},"_links":{"self":[{"href":"https:\/\/www.brulerie-chatelet.fr\/index.php?rest_route=\/wp\/v2\/product\/1135","targetHints":{"allow":["GET"]}}],"collection":[{"href":"https:\/\/www.brulerie-chatelet.fr\/index.php?rest_route=\/wp\/v2\/product"}],"about":[{"href":"https:\/\/www.brulerie-chatelet.fr\/index.php?rest_route=\/wp\/v2\/types\/product"}],"wp:featuredmedia":[{"embeddable":true,"href":"https:\/\/www.brulerie-chatelet.fr\/index.php?rest_route=\/wp\/v2\/media\/2680"}],"wp:attachment":[{"href":"https:\/\/www.brulerie-chatelet.fr\/index.php?rest_route=%2Fwp%2Fv2%2Fmedia&parent=1135"}],"wp:term":[{"taxonomy":"product_brand","embeddable":true,"href":"https:\/\/www.brulerie-chatelet.fr\/index.php?rest_route=%2Fwp%2Fv2%2Fproduct_brand&post=1135"},{"taxonomy":"product_cat","embeddable":true,"href":"https:\/\/www.brulerie-chatelet.fr\/index.php?rest_route=%2Fwp%2Fv2%2Fproduct_cat&post=1135"},{"taxonomy":"product_tag","embeddable":true,"href":"https:\/\/www.brulerie-chatelet.fr\/index.php?rest_route=%2Fwp%2Fv2%2Fproduct_tag&post=1135"}],"curies":[{"name":"wp","href":"https:\/\/api.w.org\/{rel}","templated":true}]}}