{"id":1188,"date":"2021-11-09T15:16:14","date_gmt":"2021-11-09T15:16:14","guid":{"rendered":"https:\/\/www.brulerie-chatelet.fr\/?post_type=product&#038;p=1188"},"modified":"2025-09-30T13:09:31","modified_gmt":"2025-09-30T13:09:31","slug":"colombie-supremo","status":"publish","type":"product","link":"https:\/\/www.brulerie-chatelet.fr\/?product=colombie-supremo","title":{"rendered":"Colombie Supremo"},"content":{"rendered":"<p>La Colombie est l&rsquo;un des grands producteurs de caf\u00e9 historiques, avec une <a href=\"https:\/\/fr.wikipedia.org\/wiki\/Caf%C3%A9iculture_en_Colombie\">histoire riche<\/a> qui a notamment permis au pays d&rsquo;\u00eatre le premier pays producteur a obtenir l\u2019appellation IGP (Indication G\u00e9ographique Prot\u00e9g\u00e9e) en Europe. e<\/p>\n<p>L\u2019appellation \u00ab\u00a0Supremo\u00a0\u00bb fait r\u00e9f\u00e9rence au calibre des grains qui sont tri\u00e9s apr\u00e8s la r\u00e9colte pour ne garder que les plus gros, qui se auront le mieux profit\u00e9 du soleil pour d\u00e9velopper tous leurs ar\u00f4mes.<\/p>\n<p>Si vous souhaitez essayer un caf\u00e9 solaire aux ar\u00f4mes riches et profonds sans amertume, alors ne cherchez pas plus loin !<\/p>\n","protected":false},"excerpt":{"rendered":"<p>La Colombie est l&rsquo;un des grands producteurs de caf\u00e9 historiques, avec une <a href=\"https:\/\/fr.wikipedia.org\/wiki\/Caf%C3%A9iculture_en_Colombie\">histoire riche<\/a> qui a notamment permis au pays d&rsquo;\u00eatre le premier pays producteur a obtenir l\u2019appellation IGP (Indication G\u00e9ographique Prot\u00e9g\u00e9e) en Europe. e<\/p>\n<p>L\u2019appellation \u00ab\u00a0Supremo\u00a0\u00bb fait r\u00e9f\u00e9rence au calibre des grains qui sont tri\u00e9s apr\u00e8s la r\u00e9colte pour ne garder que les plus gros, qui se auront le mieux profit\u00e9 du soleil pour d\u00e9velopper tous leurs ar\u00f4mes.<\/p>\n<p>Si vous souhaitez essayer un caf\u00e9 solaire aux ar\u00f4mes riches et profonds sans amertume, alors ne cherchez pas plus loin !<\/p>\n","protected":false},"featured_media":2665,"template":"","meta":[],"product_brand":[],"product_cat":[52],"product_tag":[53],"class_list":{"0":"post-1188","1":"product","2":"type-product","3":"status-publish","4":"has-post-thumbnail","6":"product_cat-colombie","7":"product_tag-colmombie-supremo","9":"first","10":"instock","11":"taxable","12":"shipping-taxable","13":"purchasable","14":"product-type-variable"},"_links":{"self":[{"href":"https:\/\/www.brulerie-chatelet.fr\/index.php?rest_route=\/wp\/v2\/product\/1188","targetHints":{"allow":["GET"]}}],"collection":[{"href":"https:\/\/www.brulerie-chatelet.fr\/index.php?rest_route=\/wp\/v2\/product"}],"about":[{"href":"https:\/\/www.brulerie-chatelet.fr\/index.php?rest_route=\/wp\/v2\/types\/product"}],"wp:featuredmedia":[{"embeddable":true,"href":"https:\/\/www.brulerie-chatelet.fr\/index.php?rest_route=\/wp\/v2\/media\/2665"}],"wp:attachment":[{"href":"https:\/\/www.brulerie-chatelet.fr\/index.php?rest_route=%2Fwp%2Fv2%2Fmedia&parent=1188"}],"wp:term":[{"taxonomy":"product_brand","embeddable":true,"href":"https:\/\/www.brulerie-chatelet.fr\/index.php?rest_route=%2Fwp%2Fv2%2Fproduct_brand&post=1188"},{"taxonomy":"product_cat","embeddable":true,"href":"https:\/\/www.brulerie-chatelet.fr\/index.php?rest_route=%2Fwp%2Fv2%2Fproduct_cat&post=1188"},{"taxonomy":"product_tag","embeddable":true,"href":"https:\/\/www.brulerie-chatelet.fr\/index.php?rest_route=%2Fwp%2Fv2%2Fproduct_tag&post=1188"}],"curies":[{"name":"wp","href":"https:\/\/api.w.org\/{rel}","templated":true}]}}