{"id":1196,"date":"2021-11-09T15:24:47","date_gmt":"2021-11-09T15:24:47","guid":{"rendered":"https:\/\/www.brulerie-chatelet.fr\/?post_type=product&#038;p=1196"},"modified":"2025-09-30T13:05:02","modified_gmt":"2025-09-30T13:05:02","slug":"bresil-bahia-500g","status":"publish","type":"product","link":"https:\/\/www.brulerie-chatelet.fr\/?product=bresil-bahia-500g","title":{"rendered":"Br\u00e9sil Bahia"},"content":{"rendered":"<p>Le Br\u00e9sil est aujourd&rsquo;hui le plus gros producteur mondial de caf\u00e9, avec toute la palette des caf\u00e9 depuis les Robusta destin\u00e9s \u00e0 l&rsquo;industrie jusqu&rsquo;aux micro-plantations biologiques de sp\u00e9cialit\u00e9.<\/p>\n<p>Ce caf\u00e9 que nous vous proposons est l&rsquo;un des meilleurs du Br\u00e9sil, bien entendu 100% arabica, qui provient de la <a href=\"https:\/\/fr.wikipedia.org\/wiki\/Bahia\">r\u00e9gion de Bahia<\/a> qui s&rsquo;\u00e9tend entre Brasilia et Recife.<\/p>\n<p>Vous trouverez ici un caf\u00e9 doux et \u00e9quilibr\u00e9, sans acidit\u00e9, qui vous redonnera foi en les caf\u00e9s du Br\u00e9sil !<\/p>\n<p>Id\u00e9al en caf\u00e9 filtre ou piston, ou pour un espresso l\u00e9ger.<\/p>\n","protected":false},"excerpt":{"rendered":"<p>Le Br\u00e9sil est aujourd&rsquo;hui le plus gros producteur mondial de caf\u00e9, avec toute la palette des caf\u00e9 depuis les Robusta destin\u00e9s \u00e0 l&rsquo;industrie jusqu&rsquo;aux micro-plantations biologiques de sp\u00e9cialit\u00e9.<\/p>\n<p>Ce caf\u00e9 que nous vous proposons est l&rsquo;un des meilleurs du Br\u00e9sil, bien entendu 100% arabica, qui provient de la <a href=\"https:\/\/fr.wikipedia.org\/wiki\/Bahia\">r\u00e9gion de Bahia<\/a> qui s&rsquo;\u00e9tend entre Brasilia et Recife.<\/p>\n<p>Vous trouverez ici un caf\u00e9 doux et \u00e9quilibr\u00e9, sans acidit\u00e9, qui vous redonnera foi en les caf\u00e9s du Br\u00e9sil !<\/p>\n<p>Id\u00e9al en caf\u00e9 filtre ou piston, ou pour un espresso l\u00e9ger.<\/p>\n","protected":false},"featured_media":2666,"template":"","meta":[],"product_brand":[],"product_cat":[54],"product_tag":[55],"class_list":{"0":"post-1196","1":"product","2":"type-product","3":"status-publish","4":"has-post-thumbnail","6":"product_cat-bresil","7":"product_tag-bresil-bahia","9":"first","10":"instock","11":"taxable","12":"shipping-taxable","13":"purchasable","14":"product-type-variable"},"_links":{"self":[{"href":"https:\/\/www.brulerie-chatelet.fr\/index.php?rest_route=\/wp\/v2\/product\/1196","targetHints":{"allow":["GET"]}}],"collection":[{"href":"https:\/\/www.brulerie-chatelet.fr\/index.php?rest_route=\/wp\/v2\/product"}],"about":[{"href":"https:\/\/www.brulerie-chatelet.fr\/index.php?rest_route=\/wp\/v2\/types\/product"}],"wp:featuredmedia":[{"embeddable":true,"href":"https:\/\/www.brulerie-chatelet.fr\/index.php?rest_route=\/wp\/v2\/media\/2666"}],"wp:attachment":[{"href":"https:\/\/www.brulerie-chatelet.fr\/index.php?rest_route=%2Fwp%2Fv2%2Fmedia&parent=1196"}],"wp:term":[{"taxonomy":"product_brand","embeddable":true,"href":"https:\/\/www.brulerie-chatelet.fr\/index.php?rest_route=%2Fwp%2Fv2%2Fproduct_brand&post=1196"},{"taxonomy":"product_cat","embeddable":true,"href":"https:\/\/www.brulerie-chatelet.fr\/index.php?rest_route=%2Fwp%2Fv2%2Fproduct_cat&post=1196"},{"taxonomy":"product_tag","embeddable":true,"href":"https:\/\/www.brulerie-chatelet.fr\/index.php?rest_route=%2Fwp%2Fv2%2Fproduct_tag&post=1196"}],"curies":[{"name":"wp","href":"https:\/\/api.w.org\/{rel}","templated":true}]}}