{"id":1280,"date":"2021-11-09T18:39:11","date_gmt":"2021-11-09T18:39:11","guid":{"rendered":"https:\/\/www.brulerie-chatelet.fr\/?post_type=product&#038;p=1280"},"modified":"2026-02-19T13:38:34","modified_gmt":"2026-02-19T13:38:34","slug":"lapsang-souchong-100g","status":"publish","type":"product","link":"https:\/\/www.brulerie-chatelet.fr\/?product=lapsang-souchong-100g","title":{"rendered":"Lapsang Souchong"},"content":{"rendered":"<p data-start=\"0\" data-end=\"234\"><strong data-start=\"0\" data-end=\"20\">Lapsang Souchong<\/strong> \u2014 Th\u00e9 noir fum\u00e9 du Fujian (Wuyi), s\u00e9ch\u00e9 au bois de pin. Tasse ambr\u00e9e aux notes de <strong data-start=\"103\" data-end=\"119\">fum\u00e9e de pin<\/strong>, c\u00e8dre et r\u00e9sine, avec des touches de cuir et de fruits secs. Fum\u00e9e franche mais \u00e9l\u00e9gante, finale longue et s\u00e8che.<\/p>\n<p data-start=\"236\" data-end=\"305\"><em data-start=\"236\" data-end=\"305\">Conseil d\u2019infusion : 90\u201395 \u00b0C \u00b7 3\u20134 min \u00b7 2 g\/100 ml (r\u00e9infusable).<\/em><\/p>\n","protected":false},"excerpt":{"rendered":"<p data-start=\"0\" data-end=\"234\"><strong data-start=\"0\" data-end=\"20\">Lapsang Souchong<\/strong> \u2014 Th\u00e9 noir fum\u00e9 du Fujian (Wuyi), s\u00e9ch\u00e9 au bois de pin. Tasse ambr\u00e9e aux notes de <strong data-start=\"103\" data-end=\"119\">fum\u00e9e de pin<\/strong>, c\u00e8dre et r\u00e9sine, avec des touches de cuir et de fruits secs. Fum\u00e9e franche mais \u00e9l\u00e9gante, finale longue et s\u00e8che.<\/p>\n<p data-start=\"236\" data-end=\"305\"><em data-start=\"236\" data-end=\"305\">Conseil d\u2019infusion : 90\u201395 \u00b0C \u00b7 3\u20134 min \u00b7 2 g\/100 ml (r\u00e9infusable).<\/em><\/p>\n","protected":false},"featured_media":1279,"template":"","meta":[],"product_brand":[],"product_cat":[114,65,115],"product_tag":[66],"class_list":{"0":"post-1280","1":"product","2":"type-product","3":"status-publish","4":"has-post-thumbnail","6":"product_cat-chine","7":"product_cat-the","8":"product_cat-the-noir","9":"product_tag-lapsang-souchong","11":"first","12":"instock","13":"taxable","14":"shipping-taxable","15":"purchasable","16":"product-type-variable"},"_links":{"self":[{"href":"https:\/\/www.brulerie-chatelet.fr\/index.php?rest_route=\/wp\/v2\/product\/1280","targetHints":{"allow":["GET"]}}],"collection":[{"href":"https:\/\/www.brulerie-chatelet.fr\/index.php?rest_route=\/wp\/v2\/product"}],"about":[{"href":"https:\/\/www.brulerie-chatelet.fr\/index.php?rest_route=\/wp\/v2\/types\/product"}],"wp:featuredmedia":[{"embeddable":true,"href":"https:\/\/www.brulerie-chatelet.fr\/index.php?rest_route=\/wp\/v2\/media\/1279"}],"wp:attachment":[{"href":"https:\/\/www.brulerie-chatelet.fr\/index.php?rest_route=%2Fwp%2Fv2%2Fmedia&parent=1280"}],"wp:term":[{"taxonomy":"product_brand","embeddable":true,"href":"https:\/\/www.brulerie-chatelet.fr\/index.php?rest_route=%2Fwp%2Fv2%2Fproduct_brand&post=1280"},{"taxonomy":"product_cat","embeddable":true,"href":"https:\/\/www.brulerie-chatelet.fr\/index.php?rest_route=%2Fwp%2Fv2%2Fproduct_cat&post=1280"},{"taxonomy":"product_tag","embeddable":true,"href":"https:\/\/www.brulerie-chatelet.fr\/index.php?rest_route=%2Fwp%2Fv2%2Fproduct_tag&post=1280"}],"curies":[{"name":"wp","href":"https:\/\/api.w.org\/{rel}","templated":true}]}}