{"id":1330,"date":"2021-11-28T15:07:57","date_gmt":"2021-11-28T15:07:57","guid":{"rendered":"https:\/\/www.brulerie-chatelet.fr\/?post_type=product&#038;p=1330"},"modified":"2026-02-19T13:38:35","modified_gmt":"2026-02-19T13:38:35","slug":"yunnan-vert-100g","status":"publish","type":"product","link":"https:\/\/www.brulerie-chatelet.fr\/?product=yunnan-vert-100g","title":{"rendered":"Yunnan Vert"},"content":{"rendered":"<p data-start=\"0\" data-end=\"253\"><strong data-start=\"0\" data-end=\"15\">Yunnan Vert<\/strong> \u2014 Th\u00e9 vert de haute altitude du Yunnan, aux feuilles larges et soyeuses. Tasse limpide, notes de <strong data-start=\"113\" data-end=\"126\">ch\u00e2taigne<\/strong> et miel l\u00e9ger, touches v\u00e9g\u00e9tales (asperge tendre), nuance florale et finale l\u00e9g\u00e8rement min\u00e9rale. Amertume douce, bouche ronde.<\/p>\n<p data-start=\"255\" data-end=\"333\"><em data-start=\"255\" data-end=\"333\">Conseil d\u2019infusion : 75\u201380 \u00b0C \u00b7 2\u20133 min \u00b7 2 g\/100 ml (r\u00e9infusable 2\u20133 fois).<\/em><\/p>\n","protected":false},"excerpt":{"rendered":"<p data-start=\"0\" data-end=\"253\"><strong data-start=\"0\" data-end=\"15\">Yunnan Vert<\/strong> \u2014 Th\u00e9 vert de haute altitude du Yunnan, aux feuilles larges et soyeuses. Tasse limpide, notes de <strong data-start=\"113\" data-end=\"126\">ch\u00e2taigne<\/strong> et miel l\u00e9ger, touches v\u00e9g\u00e9tales (asperge tendre), nuance florale et finale l\u00e9g\u00e8rement min\u00e9rale. Amertume douce, bouche ronde.<\/p>\n<p data-start=\"255\" data-end=\"333\"><em data-start=\"255\" data-end=\"333\">Conseil d\u2019infusion : 75\u201380 \u00b0C \u00b7 2\u20133 min \u00b7 2 g\/100 ml (r\u00e9infusable 2\u20133 fois).<\/em><\/p>\n","protected":false},"featured_media":1315,"template":"","meta":[],"product_brand":[],"product_cat":[114,65,110,67],"product_tag":[70],"class_list":{"0":"post-1330","1":"product","2":"type-product","3":"status-publish","4":"has-post-thumbnail","6":"product_cat-chine","7":"product_cat-the","8":"product_cat-the_vert","9":"product_cat-thes-natures","10":"product_tag-yunnan-vert","12":"first","13":"instock","14":"taxable","15":"shipping-taxable","16":"purchasable","17":"product-type-variable"},"_links":{"self":[{"href":"https:\/\/www.brulerie-chatelet.fr\/index.php?rest_route=\/wp\/v2\/product\/1330","targetHints":{"allow":["GET"]}}],"collection":[{"href":"https:\/\/www.brulerie-chatelet.fr\/index.php?rest_route=\/wp\/v2\/product"}],"about":[{"href":"https:\/\/www.brulerie-chatelet.fr\/index.php?rest_route=\/wp\/v2\/types\/product"}],"wp:featuredmedia":[{"embeddable":true,"href":"https:\/\/www.brulerie-chatelet.fr\/index.php?rest_route=\/wp\/v2\/media\/1315"}],"wp:attachment":[{"href":"https:\/\/www.brulerie-chatelet.fr\/index.php?rest_route=%2Fwp%2Fv2%2Fmedia&parent=1330"}],"wp:term":[{"taxonomy":"product_brand","embeddable":true,"href":"https:\/\/www.brulerie-chatelet.fr\/index.php?rest_route=%2Fwp%2Fv2%2Fproduct_brand&post=1330"},{"taxonomy":"product_cat","embeddable":true,"href":"https:\/\/www.brulerie-chatelet.fr\/index.php?rest_route=%2Fwp%2Fv2%2Fproduct_cat&post=1330"},{"taxonomy":"product_tag","embeddable":true,"href":"https:\/\/www.brulerie-chatelet.fr\/index.php?rest_route=%2Fwp%2Fv2%2Fproduct_tag&post=1330"}],"curies":[{"name":"wp","href":"https:\/\/api.w.org\/{rel}","templated":true}]}}