{"id":1344,"date":"2021-11-28T15:16:20","date_gmt":"2021-11-28T15:16:20","guid":{"rendered":"https:\/\/www.brulerie-chatelet.fr\/?post_type=product&#038;p=1344"},"modified":"2026-02-19T13:38:34","modified_gmt":"2026-02-19T13:38:34","slug":"genmaicha-100g","status":"publish","type":"product","link":"https:\/\/www.brulerie-chatelet.fr\/?product=genmaicha-100g","title":{"rendered":"Genma\u00efcha"},"content":{"rendered":"<p data-start=\"0\" data-end=\"222\"><strong data-start=\"0\" data-end=\"13\">Genmaicha<\/strong> \u2014 Th\u00e9 vert japonais m\u00eal\u00e9 \u00e0 du riz brun grill\u00e9. Tasse r\u00e9confortante aux ar\u00f4mes de c\u00e9r\u00e9ales toast\u00e9es (riz souffl\u00e9, sarrasin), notes v\u00e9g\u00e9tales douces et bel <strong data-start=\"168\" data-end=\"177\">umami<\/strong>. Faible amertume, bouche ronde et gourmande.<\/p>\n<p data-start=\"224\" data-end=\"293\"><em data-start=\"224\" data-end=\"293\">Conseil d\u2019infusion : 75\u201380 \u00b0C \u00b7 1\u20132 min \u00b7 2 g\/100 ml (r\u00e9infusable).<\/em><\/p>\n","protected":false},"excerpt":{"rendered":"<p data-start=\"0\" data-end=\"222\"><strong data-start=\"0\" data-end=\"13\">Genmaicha<\/strong> \u2014 Th\u00e9 vert japonais m\u00eal\u00e9 \u00e0 du riz brun grill\u00e9. Tasse r\u00e9confortante aux ar\u00f4mes de c\u00e9r\u00e9ales toast\u00e9es (riz souffl\u00e9, sarrasin), notes v\u00e9g\u00e9tales douces et bel <strong data-start=\"168\" data-end=\"177\">umami<\/strong>. Faible amertume, bouche ronde et gourmande.<\/p>\n<p data-start=\"224\" data-end=\"293\"><em data-start=\"224\" data-end=\"293\">Conseil d\u2019infusion : 75\u201380 \u00b0C \u00b7 1\u20132 min \u00b7 2 g\/100 ml (r\u00e9infusable).<\/em><\/p>\n","protected":false},"featured_media":3171,"template":"","meta":[],"product_brand":[],"product_cat":[111,65,110,67],"product_tag":[72],"class_list":{"0":"post-1344","1":"product","2":"type-product","3":"status-publish","4":"has-post-thumbnail","6":"product_cat-japon","7":"product_cat-the","8":"product_cat-the_vert","9":"product_cat-thes-natures","10":"product_tag-genmaicha","12":"first","13":"instock","14":"taxable","15":"shipping-taxable","16":"purchasable","17":"product-type-variable"},"_links":{"self":[{"href":"https:\/\/www.brulerie-chatelet.fr\/index.php?rest_route=\/wp\/v2\/product\/1344","targetHints":{"allow":["GET"]}}],"collection":[{"href":"https:\/\/www.brulerie-chatelet.fr\/index.php?rest_route=\/wp\/v2\/product"}],"about":[{"href":"https:\/\/www.brulerie-chatelet.fr\/index.php?rest_route=\/wp\/v2\/types\/product"}],"wp:featuredmedia":[{"embeddable":true,"href":"https:\/\/www.brulerie-chatelet.fr\/index.php?rest_route=\/wp\/v2\/media\/3171"}],"wp:attachment":[{"href":"https:\/\/www.brulerie-chatelet.fr\/index.php?rest_route=%2Fwp%2Fv2%2Fmedia&parent=1344"}],"wp:term":[{"taxonomy":"product_brand","embeddable":true,"href":"https:\/\/www.brulerie-chatelet.fr\/index.php?rest_route=%2Fwp%2Fv2%2Fproduct_brand&post=1344"},{"taxonomy":"product_cat","embeddable":true,"href":"https:\/\/www.brulerie-chatelet.fr\/index.php?rest_route=%2Fwp%2Fv2%2Fproduct_cat&post=1344"},{"taxonomy":"product_tag","embeddable":true,"href":"https:\/\/www.brulerie-chatelet.fr\/index.php?rest_route=%2Fwp%2Fv2%2Fproduct_tag&post=1344"}],"curies":[{"name":"wp","href":"https:\/\/api.w.org\/{rel}","templated":true}]}}