{"id":1384,"date":"2021-12-06T14:17:09","date_gmt":"2021-12-06T14:17:09","guid":{"rendered":"https:\/\/www.brulerie-chatelet.fr\/?post_type=product&#038;p=1384"},"modified":"2026-02-19T13:38:34","modified_gmt":"2026-02-19T13:38:34","slug":"the-du-desert-the-vert-a-la-menthe-bio-100g","status":"publish","type":"product","link":"https:\/\/www.brulerie-chatelet.fr\/?product=the-du-desert-the-vert-a-la-menthe-bio-100g","title":{"rendered":"Th\u00e9 Vert \u00e0 la Menthe Bio"},"content":{"rendered":"<p data-start=\"0\" data-end=\"457\"><strong data-start=\"0\" data-end=\"47\">Th\u00e9 Vert \u00e0 la Menthe Douce (base Gunpowder)<\/strong> \u2014 M\u00e9lange classique sur base de th\u00e9 vert chinois <strong data-start=\"97\" data-end=\"110\">Gunpowder<\/strong> (feuilles roul\u00e9es en petites perles) et <strong data-start=\"151\" data-end=\"167\">menthe douce<\/strong> type spearmint. \u00c0 l\u2019infusion, la fra\u00eecheur menthol\u00e9e se marie au v\u00e9g\u00e9tal du th\u00e9 (herbe tendre, l\u00e9g\u00e8re pointe fum\u00e9e typique du Gunpowder) pour une tasse vive, nette et d\u00e9salt\u00e9rante. La bouche est souple, fra\u00eeche, avec une douceur naturelle qui supporte bien une l\u00e9g\u00e8re sucrerie si souhait\u00e9.<\/p>\n<p data-start=\"459\" data-end=\"578\">Id\u00e9al chaud pour une pause tonique, et <strong data-start=\"498\" data-end=\"529\">excellent en version glac\u00e9e<\/strong> o\u00f9 la menthe s\u2019exprime pleinement sans amertume.<\/p>\n<p data-start=\"580\" data-end=\"764\"><em data-start=\"580\" data-end=\"764\">Conseils d\u2019infusion : 80\u201385 \u00b0C \u00b7 2\u20133 min \u00b7 2 g\/100 ml (r\u00e9infusable).<br data-start=\"649\" data-end=\"652\" \/>Version glac\u00e9e : 8\u201310 g\/L, 6\u20138 h au r\u00e9frig\u00e9rateur, filtrer et servir (\u00e9ventuellement avec une touche de sucre).<\/em><\/p>\n","protected":false},"excerpt":{"rendered":"<p data-start=\"0\" data-end=\"457\"><strong data-start=\"0\" data-end=\"47\">Th\u00e9 Vert \u00e0 la Menthe Douce (base Gunpowder)<\/strong> \u2014 M\u00e9lange classique sur base de th\u00e9 vert chinois <strong data-start=\"97\" data-end=\"110\">Gunpowder<\/strong> (feuilles roul\u00e9es en petites perles) et <strong data-start=\"151\" data-end=\"167\">menthe douce<\/strong> type spearmint. \u00c0 l\u2019infusion, la fra\u00eecheur menthol\u00e9e se marie au v\u00e9g\u00e9tal du th\u00e9 (herbe tendre, l\u00e9g\u00e8re pointe fum\u00e9e typique du Gunpowder) pour une tasse vive, nette et d\u00e9salt\u00e9rante. La bouche est souple, fra\u00eeche, avec une douceur naturelle qui supporte bien une l\u00e9g\u00e8re sucrerie si souhait\u00e9.<\/p>\n<p data-start=\"459\" data-end=\"578\">Id\u00e9al chaud pour une pause tonique, et <strong data-start=\"498\" data-end=\"529\">excellent en version glac\u00e9e<\/strong> o\u00f9 la menthe s\u2019exprime pleinement sans amertume.<\/p>\n<p data-start=\"580\" data-end=\"764\"><em data-start=\"580\" data-end=\"764\">Conseils d\u2019infusion : 80\u201385 \u00b0C \u00b7 2\u20133 min \u00b7 2 g\/100 ml (r\u00e9infusable).<br data-start=\"649\" data-end=\"652\" \/>Version glac\u00e9e : 8\u201310 g\/L, 6\u20138 h au r\u00e9frig\u00e9rateur, filtrer et servir (\u00e9ventuellement avec une touche de sucre).<\/em><\/p>\n","protected":false},"featured_media":1386,"template":"","meta":[],"product_brand":[],"product_cat":[65,110,75],"product_tag":[74],"class_list":{"0":"post-1384","1":"product","2":"type-product","3":"status-publish","4":"has-post-thumbnail","6":"product_cat-the","7":"product_cat-the_vert","8":"product_cat-thes-aromatises","9":"product_tag-vert-menthe","11":"first","12":"instock","13":"taxable","14":"shipping-taxable","15":"purchasable","16":"product-type-variable"},"_links":{"self":[{"href":"https:\/\/www.brulerie-chatelet.fr\/index.php?rest_route=\/wp\/v2\/product\/1384","targetHints":{"allow":["GET"]}}],"collection":[{"href":"https:\/\/www.brulerie-chatelet.fr\/index.php?rest_route=\/wp\/v2\/product"}],"about":[{"href":"https:\/\/www.brulerie-chatelet.fr\/index.php?rest_route=\/wp\/v2\/types\/product"}],"wp:featuredmedia":[{"embeddable":true,"href":"https:\/\/www.brulerie-chatelet.fr\/index.php?rest_route=\/wp\/v2\/media\/1386"}],"wp:attachment":[{"href":"https:\/\/www.brulerie-chatelet.fr\/index.php?rest_route=%2Fwp%2Fv2%2Fmedia&parent=1384"}],"wp:term":[{"taxonomy":"product_brand","embeddable":true,"href":"https:\/\/www.brulerie-chatelet.fr\/index.php?rest_route=%2Fwp%2Fv2%2Fproduct_brand&post=1384"},{"taxonomy":"product_cat","embeddable":true,"href":"https:\/\/www.brulerie-chatelet.fr\/index.php?rest_route=%2Fwp%2Fv2%2Fproduct_cat&post=1384"},{"taxonomy":"product_tag","embeddable":true,"href":"https:\/\/www.brulerie-chatelet.fr\/index.php?rest_route=%2Fwp%2Fv2%2Fproduct_tag&post=1384"}],"curies":[{"name":"wp","href":"https:\/\/api.w.org\/{rel}","templated":true}]}}