{"id":2511,"date":"2025-08-12T11:39:32","date_gmt":"2025-08-12T11:39:32","guid":{"rendered":"https:\/\/www.brulerie-chatelet.fr\/?post_type=product&#038;p=2511"},"modified":"2025-10-07T10:18:52","modified_gmt":"2025-10-07T10:18:52","slug":"nicaragua-el-toston-250g","status":"publish","type":"product","link":"https:\/\/www.brulerie-chatelet.fr\/?product=nicaragua-el-toston-250g","title":{"rendered":"Nicaragua El Toston"},"content":{"rendered":"<p data-start=\"0\" data-end=\"368\"><strong data-start=\"0\" data-end=\"50\">Nicaragua \u2013 El Tost\u00f3n (Dipilto, Nueva Segovia)<\/strong> \u2014 Assemblage de petites fermes de la r\u00e9gion montagneuse de <strong data-start=\"110\" data-end=\"121\">Dipilto<\/strong>. Le lot est majoritairement <strong data-start=\"150\" data-end=\"161\">Caturra<\/strong>, compl\u00e9t\u00e9 par des vari\u00e9t\u00e9s locales comme <strong data-start=\"203\" data-end=\"218\" data-is-only-node=\"\">Maracaturra<\/strong> et <strong data-start=\"222\" data-end=\"236\">Maragogype<\/strong> ; son nom fait r\u00e9f\u00e9rence au \u201ctost\u00f3n\u201d, galette de banane plantain tr\u00e8s populaire au Nicaragua.<\/p>\n<p data-start=\"370\" data-end=\"583\"><strong data-start=\"370\" data-end=\"384\">En tasse :<\/strong> profil <strong data-start=\"392\" data-end=\"418\">rond et tr\u00e8s \u00e9quilibr\u00e9<\/strong>, corps chocolat\u00e9, notes de <strong data-start=\"446\" data-end=\"457\">caramel<\/strong>, <strong data-start=\"459\" data-end=\"468\" data-is-only-node=\"\">cacao<\/strong> et <strong data-start=\"472\" data-end=\"482\">amande<\/strong>, avec une pointe fruit\u00e9e (prune). Finale douce et persistante.<\/p>\n","protected":false},"excerpt":{"rendered":"<p data-start=\"0\" data-end=\"368\"><strong data-start=\"0\" data-end=\"50\">Nicaragua \u2013 El Tost\u00f3n (Dipilto, Nueva Segovia)<\/strong> \u2014 Assemblage de petites fermes de la r\u00e9gion montagneuse de <strong data-start=\"110\" data-end=\"121\">Dipilto<\/strong>. Le lot est majoritairement <strong data-start=\"150\" data-end=\"161\">Caturra<\/strong>, compl\u00e9t\u00e9 par des vari\u00e9t\u00e9s locales comme <strong data-start=\"203\" data-end=\"218\" data-is-only-node=\"\">Maracaturra<\/strong> et <strong data-start=\"222\" data-end=\"236\">Maragogype<\/strong> ; son nom fait r\u00e9f\u00e9rence au \u201ctost\u00f3n\u201d, galette de banane plantain tr\u00e8s populaire au Nicaragua.<\/p>\n<p data-start=\"370\" data-end=\"583\"><strong data-start=\"370\" data-end=\"384\">En tasse :<\/strong> profil <strong data-start=\"392\" data-end=\"418\">rond et tr\u00e8s \u00e9quilibr\u00e9<\/strong>, corps chocolat\u00e9, notes de <strong data-start=\"446\" data-end=\"457\">caramel<\/strong>, <strong data-start=\"459\" data-end=\"468\" data-is-only-node=\"\">cacao<\/strong> et <strong data-start=\"472\" data-end=\"482\">amande<\/strong>, avec une pointe fruit\u00e9e (prune). Finale douce et persistante.<\/p>\n<p data-start=\"585\" data-end=\"740\"><strong data-start=\"585\" data-end=\"602\">Pr\u00e9paration :<\/strong> polyvalent \u2014 excellent en <strong data-start=\"629\" data-end=\"641\">expresso<\/strong> (profil gourmand, ample) et en <strong data-start=\"673\" data-end=\"692\">m\u00e9thodes douces<\/strong> (filtre\/piston) pour une tasse nette et sucr\u00e9e.<\/p>\n","protected":false},"featured_media":2677,"template":"","meta":[],"product_brand":[],"product_cat":[26,50,16],"product_tag":[132],"class_list":{"0":"post-2511","1":"product","2":"type-product","3":"status-publish","4":"has-post-thumbnail","6":"product_cat-cafes","7":"product_cat-nicaragua","8":"product_cat-non-classe","9":"product_tag-nicaragua-toston","11":"first","12":"instock","13":"taxable","14":"shipping-taxable","15":"purchasable","16":"product-type-variable"},"_links":{"self":[{"href":"https:\/\/www.brulerie-chatelet.fr\/index.php?rest_route=\/wp\/v2\/product\/2511","targetHints":{"allow":["GET"]}}],"collection":[{"href":"https:\/\/www.brulerie-chatelet.fr\/index.php?rest_route=\/wp\/v2\/product"}],"about":[{"href":"https:\/\/www.brulerie-chatelet.fr\/index.php?rest_route=\/wp\/v2\/types\/product"}],"wp:featuredmedia":[{"embeddable":true,"href":"https:\/\/www.brulerie-chatelet.fr\/index.php?rest_route=\/wp\/v2\/media\/2677"}],"wp:attachment":[{"href":"https:\/\/www.brulerie-chatelet.fr\/index.php?rest_route=%2Fwp%2Fv2%2Fmedia&parent=2511"}],"wp:term":[{"taxonomy":"product_brand","embeddable":true,"href":"https:\/\/www.brulerie-chatelet.fr\/index.php?rest_route=%2Fwp%2Fv2%2Fproduct_brand&post=2511"},{"taxonomy":"product_cat","embeddable":true,"href":"https:\/\/www.brulerie-chatelet.fr\/index.php?rest_route=%2Fwp%2Fv2%2Fproduct_cat&post=2511"},{"taxonomy":"product_tag","embeddable":true,"href":"https:\/\/www.brulerie-chatelet.fr\/index.php?rest_route=%2Fwp%2Fv2%2Fproduct_tag&post=2511"}],"curies":[{"name":"wp","href":"https:\/\/api.w.org\/{rel}","templated":true}]}}