{"id":2981,"date":"2025-09-30T14:09:02","date_gmt":"2025-09-30T14:09:02","guid":{"rendered":"https:\/\/www.brulerie-chatelet.fr\/?post_type=product&#038;p=2981"},"modified":"2025-10-07T10:21:51","modified_gmt":"2025-10-07T10:21:51","slug":"cafe-caramel","status":"publish","type":"product","link":"https:\/\/www.brulerie-chatelet.fr\/?product=cafe-caramel","title":{"rendered":"Caf\u00e9 Caramel"},"content":{"rendered":"<p>Un caf\u00e9 torr\u00e9fi\u00e9 \u00e0 l&rsquo;italienne (cuisson pouss\u00e9e), pour une tasse cors\u00e9e au bon go\u00fbt de caramel.<\/p>\n<p>Id\u00e9al pour r\u00e9alis\u00e9 des cappuccinos ou \u00e0 boire nature tout simplement !<\/p>\n","protected":false},"excerpt":{"rendered":"<p>Un caf\u00e9 torr\u00e9fi\u00e9 \u00e0 l&rsquo;italienne (cuisson pouss\u00e9e), pour une tasse cors\u00e9e au bon go\u00fbt de caramel.<\/p>\n<p>Id\u00e9al pour r\u00e9alis\u00e9 des cappuccinos ou \u00e0 boire nature tout simplement !<\/p>\n","protected":false},"featured_media":2982,"template":"","meta":[],"product_brand":[],"product_cat":[26,97],"product_tag":[109],"class_list":{"0":"post-2981","1":"product","2":"type-product","3":"status-publish","4":"has-post-thumbnail","6":"product_cat-cafes","7":"product_cat-aromat","8":"product_tag-cafe-caramel","10":"first","11":"instock","12":"taxable","13":"shipping-taxable","14":"purchasable","15":"product-type-variable"},"_links":{"self":[{"href":"https:\/\/www.brulerie-chatelet.fr\/index.php?rest_route=\/wp\/v2\/product\/2981","targetHints":{"allow":["GET"]}}],"collection":[{"href":"https:\/\/www.brulerie-chatelet.fr\/index.php?rest_route=\/wp\/v2\/product"}],"about":[{"href":"https:\/\/www.brulerie-chatelet.fr\/index.php?rest_route=\/wp\/v2\/types\/product"}],"wp:featuredmedia":[{"embeddable":true,"href":"https:\/\/www.brulerie-chatelet.fr\/index.php?rest_route=\/wp\/v2\/media\/2982"}],"wp:attachment":[{"href":"https:\/\/www.brulerie-chatelet.fr\/index.php?rest_route=%2Fwp%2Fv2%2Fmedia&parent=2981"}],"wp:term":[{"taxonomy":"product_brand","embeddable":true,"href":"https:\/\/www.brulerie-chatelet.fr\/index.php?rest_route=%2Fwp%2Fv2%2Fproduct_brand&post=2981"},{"taxonomy":"product_cat","embeddable":true,"href":"https:\/\/www.brulerie-chatelet.fr\/index.php?rest_route=%2Fwp%2Fv2%2Fproduct_cat&post=2981"},{"taxonomy":"product_tag","embeddable":true,"href":"https:\/\/www.brulerie-chatelet.fr\/index.php?rest_route=%2Fwp%2Fv2%2Fproduct_tag&post=2981"}],"curies":[{"name":"wp","href":"https:\/\/api.w.org\/{rel}","templated":true}]}}