{"id":3093,"date":"2025-10-02T07:39:04","date_gmt":"2025-10-02T07:39:04","guid":{"rendered":"https:\/\/www.brulerie-chatelet.fr\/?post_type=product&#038;p=3093"},"modified":"2026-02-19T13:38:33","modified_gmt":"2026-02-19T13:38:33","slug":"coree-du-sud-woojeon-fop","status":"publish","type":"product","link":"https:\/\/www.brulerie-chatelet.fr\/?product=coree-du-sud-woojeon-fop","title":{"rendered":"Cor\u00e9e du Sud Woojeon FOP"},"content":{"rendered":"<p data-start=\"0\" data-end=\"308\"><strong data-start=\"0\" data-end=\"36\">Woojeon FOP (Jeju, Cor\u00e9e du Sud)<\/strong> \u2014 Premier th\u00e9 de printemps cor\u00e9en, r\u00e9colt\u00e9 tr\u00e8s t\u00f4t (avant Gogu, fin avril) sur l\u2019\u00eele de <strong data-start=\"126\" data-end=\"134\">Jeju<\/strong>, au sud du pays. Feuilles fines de grade <strong data-start=\"176\" data-end=\"183\">FOP<\/strong> (bourgeons + jeunes feuilles) travaill\u00e9es en douceur, <strong data-start=\"238\" data-end=\"266\" data-is-only-node=\"\">sans torr\u00e9faction au wok<\/strong>, pour pr\u00e9server une expression tr\u00e8s pure.<\/p>\n<p data-start=\"310\" data-end=\"576\">En tasse : verdeur tendre (jeunes pousses, courgette), <strong data-start=\"365\" data-end=\"374\">umami<\/strong> subtil (nori), nuances de ch\u00e2taigne\/pignon et une touche florale discr\u00e8te. Bouche soyeuse, amertume quasi absente, finale nette et l\u00e9g\u00e8rement min\u00e9rale \u2014 un \u00e9quilibre d\u00e9licat entre douceur et fra\u00eecheur.<\/p>\n<p data-start=\"578\" data-end=\"657\"><em data-start=\"578\" data-end=\"657\">Conseils d\u2019infusion : 70\u201375 \u00b0C \u00b7 2\u20133 min \u00b7 2 g\/100 ml (r\u00e9infusable 2\u20133 fois).<\/em><\/p>\n","protected":false},"excerpt":{"rendered":"<p data-start=\"0\" data-end=\"308\"><strong data-start=\"0\" data-end=\"36\">Woojeon FOP (Jeju, Cor\u00e9e du Sud)<\/strong> \u2014 Premier th\u00e9 de printemps cor\u00e9en, r\u00e9colt\u00e9 tr\u00e8s t\u00f4t (avant Gogu, fin avril) sur l\u2019\u00eele de <strong data-start=\"126\" data-end=\"134\">Jeju<\/strong>, au sud du pays. Feuilles fines de grade <strong data-start=\"176\" data-end=\"183\">FOP<\/strong> (bourgeons + jeunes feuilles) travaill\u00e9es en douceur, <strong data-start=\"238\" data-end=\"266\" data-is-only-node=\"\">sans torr\u00e9faction au wok<\/strong>, pour pr\u00e9server une expression tr\u00e8s pure.<\/p>\n<p data-start=\"310\" data-end=\"576\">En tasse : verdeur tendre (jeunes pousses, courgette), <strong data-start=\"365\" data-end=\"374\">umami<\/strong> subtil (nori), nuances de ch\u00e2taigne\/pignon et une touche florale discr\u00e8te. Bouche soyeuse, amertume quasi absente, finale nette et l\u00e9g\u00e8rement min\u00e9rale \u2014 un \u00e9quilibre d\u00e9licat entre douceur et fra\u00eecheur.<\/p>\n<p data-start=\"578\" data-end=\"657\"><em data-start=\"578\" data-end=\"657\">Conseils d\u2019infusion : 70\u201375 \u00b0C \u00b7 2\u20133 min \u00b7 2 g\/100 ml (r\u00e9infusable 2\u20133 fois).<\/em><\/p>\n","protected":false},"featured_media":3104,"template":"","meta":[],"product_brand":[],"product_cat":[119,65,67],"product_tag":[120],"class_list":{"0":"post-3093","1":"product","2":"type-product","3":"status-publish","4":"has-post-thumbnail","6":"product_cat-coree-du-sud","7":"product_cat-the","8":"product_cat-thes-natures","9":"product_tag-woojeon","11":"first","12":"instock","13":"taxable","14":"shipping-taxable","15":"purchasable","16":"product-type-variable"},"_links":{"self":[{"href":"https:\/\/www.brulerie-chatelet.fr\/index.php?rest_route=\/wp\/v2\/product\/3093","targetHints":{"allow":["GET"]}}],"collection":[{"href":"https:\/\/www.brulerie-chatelet.fr\/index.php?rest_route=\/wp\/v2\/product"}],"about":[{"href":"https:\/\/www.brulerie-chatelet.fr\/index.php?rest_route=\/wp\/v2\/types\/product"}],"wp:featuredmedia":[{"embeddable":true,"href":"https:\/\/www.brulerie-chatelet.fr\/index.php?rest_route=\/wp\/v2\/media\/3104"}],"wp:attachment":[{"href":"https:\/\/www.brulerie-chatelet.fr\/index.php?rest_route=%2Fwp%2Fv2%2Fmedia&parent=3093"}],"wp:term":[{"taxonomy":"product_brand","embeddable":true,"href":"https:\/\/www.brulerie-chatelet.fr\/index.php?rest_route=%2Fwp%2Fv2%2Fproduct_brand&post=3093"},{"taxonomy":"product_cat","embeddable":true,"href":"https:\/\/www.brulerie-chatelet.fr\/index.php?rest_route=%2Fwp%2Fv2%2Fproduct_cat&post=3093"},{"taxonomy":"product_tag","embeddable":true,"href":"https:\/\/www.brulerie-chatelet.fr\/index.php?rest_route=%2Fwp%2Fv2%2Fproduct_tag&post=3093"}],"curies":[{"name":"wp","href":"https:\/\/api.w.org\/{rel}","templated":true}]}}