{"id":3097,"date":"2025-10-02T07:52:21","date_gmt":"2025-10-02T07:52:21","guid":{"rendered":"https:\/\/www.brulerie-chatelet.fr\/?post_type=product&#038;p=3097"},"modified":"2026-02-19T13:38:34","modified_gmt":"2026-02-19T13:38:34","slug":"rwanda-rukeri-bio","status":"publish","type":"product","link":"https:\/\/www.brulerie-chatelet.fr\/?product=rwanda-rukeri-bio","title":{"rendered":"Rwanda Rukeri Bio"},"content":{"rendered":"<p data-start=\"0\" data-end=\"349\"><strong data-start=\"0\" data-end=\"42\">Rwanda Rukeri \u2014 Bio (feuilles bris\u00e9es)<\/strong> \u2014 Th\u00e9 noir de haute altitude issu des jardins de <strong data-start=\"92\" data-end=\"102\">Rukeri<\/strong>, au nord du Rwanda. Le grade <strong data-start=\"132\" data-end=\"152\">feuilles bris\u00e9es<\/strong> offre une infusion rapide et r\u00e9guli\u00e8re : tasse cuivr\u00e9e <strong data-start=\"208\" data-end=\"225\" data-is-only-node=\"\">vive et nette<\/strong>, aromatique de malt, miel blond et biscuit, avec une pointe d\u2019agrumes\/\u00e9pices douces et une astringence fine, bien int\u00e9gr\u00e9e.<\/p>\n<p data-start=\"351\" data-end=\"453\">Polyvalent et \u00e9nergique, il est excellent nature au petit-d\u00e9jeuner et supporte aussi un nuage de lait.<\/p>\n<p data-start=\"455\" data-end=\"525\"><em data-start=\"455\" data-end=\"525\">Conseils d\u2019infusion : 90\u201395 \u00b0C \u00b7 3\u20134 min \u00b7 2 g\/100 ml (r\u00e9infusable).<\/em><\/p>\n","protected":false},"excerpt":{"rendered":"<p data-start=\"0\" data-end=\"349\"><strong data-start=\"0\" data-end=\"42\">Rwanda Rukeri \u2014 Bio (feuilles bris\u00e9es)<\/strong> \u2014 Th\u00e9 noir de haute altitude issu des jardins de <strong data-start=\"92\" data-end=\"102\">Rukeri<\/strong>, au nord du Rwanda. Le grade <strong data-start=\"132\" data-end=\"152\">feuilles bris\u00e9es<\/strong> offre une infusion rapide et r\u00e9guli\u00e8re : tasse cuivr\u00e9e <strong data-start=\"208\" data-end=\"225\" data-is-only-node=\"\">vive et nette<\/strong>, aromatique de malt, miel blond et biscuit, avec une pointe d\u2019agrumes\/\u00e9pices douces et une astringence fine, bien int\u00e9gr\u00e9e.<\/p>\n<p data-start=\"351\" data-end=\"453\">Polyvalent et \u00e9nergique, il est excellent nature au petit-d\u00e9jeuner et supporte aussi un nuage de lait.<\/p>\n<p data-start=\"455\" data-end=\"525\"><em data-start=\"455\" data-end=\"525\">Conseils d\u2019infusion : 90\u201395 \u00b0C \u00b7 3\u20134 min \u00b7 2 g\/100 ml (r\u00e9infusable).<\/em><\/p>\n","protected":false},"featured_media":3106,"template":"","meta":[],"product_brand":[],"product_cat":[121,65,115,67],"product_tag":[122],"class_list":{"0":"post-3097","1":"product","2":"type-product","3":"status-publish","4":"has-post-thumbnail","6":"product_cat-rwanda-the","7":"product_cat-the","8":"product_cat-the-noir","9":"product_cat-thes-natures","10":"product_tag-rwanda-rukeri","12":"first","13":"instock","14":"taxable","15":"shipping-taxable","16":"purchasable","17":"product-type-variable"},"_links":{"self":[{"href":"https:\/\/www.brulerie-chatelet.fr\/index.php?rest_route=\/wp\/v2\/product\/3097","targetHints":{"allow":["GET"]}}],"collection":[{"href":"https:\/\/www.brulerie-chatelet.fr\/index.php?rest_route=\/wp\/v2\/product"}],"about":[{"href":"https:\/\/www.brulerie-chatelet.fr\/index.php?rest_route=\/wp\/v2\/types\/product"}],"wp:featuredmedia":[{"embeddable":true,"href":"https:\/\/www.brulerie-chatelet.fr\/index.php?rest_route=\/wp\/v2\/media\/3106"}],"wp:attachment":[{"href":"https:\/\/www.brulerie-chatelet.fr\/index.php?rest_route=%2Fwp%2Fv2%2Fmedia&parent=3097"}],"wp:term":[{"taxonomy":"product_brand","embeddable":true,"href":"https:\/\/www.brulerie-chatelet.fr\/index.php?rest_route=%2Fwp%2Fv2%2Fproduct_brand&post=3097"},{"taxonomy":"product_cat","embeddable":true,"href":"https:\/\/www.brulerie-chatelet.fr\/index.php?rest_route=%2Fwp%2Fv2%2Fproduct_cat&post=3097"},{"taxonomy":"product_tag","embeddable":true,"href":"https:\/\/www.brulerie-chatelet.fr\/index.php?rest_route=%2Fwp%2Fv2%2Fproduct_tag&post=3097"}],"curies":[{"name":"wp","href":"https:\/\/api.w.org\/{rel}","templated":true}]}}