{"id":3138,"date":"2025-10-02T09:43:45","date_gmt":"2025-10-02T09:43:45","guid":{"rendered":"https:\/\/www.brulerie-chatelet.fr\/?post_type=product&#038;p=3138"},"modified":"2026-02-19T13:38:34","modified_gmt":"2026-02-19T13:38:34","slug":"strong-breakfast-bio","status":"publish","type":"product","link":"https:\/\/www.brulerie-chatelet.fr\/?product=strong-breakfast-bio","title":{"rendered":"Strong Breakfast Bio"},"content":{"rendered":"<p data-start=\"0\" data-end=\"332\"><strong data-start=\"0\" data-end=\"20\">Strong Breakfast<\/strong> \u2014 Assemblage de th\u00e9s noirs <strong data-start=\"48\" data-end=\"68\">feuilles bris\u00e9es<\/strong> (Rwanda &amp; Assam) pens\u00e9 pour le matin : tasse dense, r\u00e9guli\u00e8re et tr\u00e8s \u00e9nergique. L\u2019Assam apporte le <strong data-start=\"169\" data-end=\"184\">corps malt\u00e9<\/strong> et la profondeur (sucre brun, cacao, pain grill\u00e9) ; le Rwanda signe une <strong data-start=\"257\" data-end=\"275\" data-is-only-node=\"\">vivacit\u00e9 nette<\/strong> avec une pointe fruit\u00e9e\/agrume qui \u00e9claircit la liqueur.<\/p>\n<p data-start=\"334\" data-end=\"532\">En bouche : couleur cuivr\u00e9e soutenue, texture ample, <strong data-start=\"387\" data-end=\"422\">astringence tonique mais propre<\/strong>. Gourmand nature ; excelle avec un <strong data-start=\"458\" data-end=\"475\">nuage de lait<\/strong> (ou en latte), o\u00f9 le profil reste puissant et \u00e9quilibr\u00e9.<\/p>\n<p data-start=\"534\" data-end=\"670\"><em data-start=\"534\" data-end=\"557\">Conseils d\u2019infusion :<\/em> 90\u201395 \u00b0C \u00b7 3\u20134 min \u00b7 2 g\/100 ml.<br data-start=\"590\" data-end=\"593\" \/><em data-start=\"593\" data-end=\"619\">Avec lait \/ plus cors\u00e9 :<\/em> 4\u20135 min, puis ajuster lait et sucre selon le go\u00fbt.<\/p>\n","protected":false},"excerpt":{"rendered":"<p data-start=\"0\" data-end=\"332\"><strong data-start=\"0\" data-end=\"20\">Strong Breakfast<\/strong> \u2014 Assemblage de th\u00e9s noirs <strong data-start=\"48\" data-end=\"68\">feuilles bris\u00e9es<\/strong> (Rwanda &amp; Assam) pens\u00e9 pour le matin : tasse dense, r\u00e9guli\u00e8re et tr\u00e8s \u00e9nergique. L\u2019Assam apporte le <strong data-start=\"169\" data-end=\"184\">corps malt\u00e9<\/strong> et la profondeur (sucre brun, cacao, pain grill\u00e9) ; le Rwanda signe une <strong data-start=\"257\" data-end=\"275\" data-is-only-node=\"\">vivacit\u00e9 nette<\/strong> avec une pointe fruit\u00e9e\/agrume qui \u00e9claircit la liqueur.<\/p>\n<p data-start=\"334\" data-end=\"532\">En bouche : couleur cuivr\u00e9e soutenue, texture ample, <strong data-start=\"387\" data-end=\"422\">astringence tonique mais propre<\/strong>. Gourmand nature ; excelle avec un <strong data-start=\"458\" data-end=\"475\">nuage de lait<\/strong> (ou en latte), o\u00f9 le profil reste puissant et \u00e9quilibr\u00e9.<\/p>\n<p data-start=\"534\" data-end=\"670\"><em data-start=\"534\" data-end=\"557\">Conseils d\u2019infusion :<\/em> 90\u201395 \u00b0C \u00b7 3\u20134 min \u00b7 2 g\/100 ml.<br data-start=\"590\" data-end=\"593\" \/><em data-start=\"593\" data-end=\"619\">Avec lait \/ plus cors\u00e9 :<\/em> 4\u20135 min, puis ajuster lait et sucre selon le go\u00fbt.<\/p>\n","protected":false},"featured_media":3141,"template":"","meta":[],"product_brand":[],"product_cat":[125,65,115,67],"product_tag":[126],"class_list":{"0":"post-3138","1":"product","2":"type-product","3":"status-publish","4":"has-post-thumbnail","6":"product_cat-assemblages-the","7":"product_cat-the","8":"product_cat-the-noir","9":"product_cat-thes-natures","10":"product_tag-strong-breakfast","12":"first","13":"instock","14":"taxable","15":"shipping-taxable","16":"purchasable","17":"product-type-variable"},"_links":{"self":[{"href":"https:\/\/www.brulerie-chatelet.fr\/index.php?rest_route=\/wp\/v2\/product\/3138","targetHints":{"allow":["GET"]}}],"collection":[{"href":"https:\/\/www.brulerie-chatelet.fr\/index.php?rest_route=\/wp\/v2\/product"}],"about":[{"href":"https:\/\/www.brulerie-chatelet.fr\/index.php?rest_route=\/wp\/v2\/types\/product"}],"wp:featuredmedia":[{"embeddable":true,"href":"https:\/\/www.brulerie-chatelet.fr\/index.php?rest_route=\/wp\/v2\/media\/3141"}],"wp:attachment":[{"href":"https:\/\/www.brulerie-chatelet.fr\/index.php?rest_route=%2Fwp%2Fv2%2Fmedia&parent=3138"}],"wp:term":[{"taxonomy":"product_brand","embeddable":true,"href":"https:\/\/www.brulerie-chatelet.fr\/index.php?rest_route=%2Fwp%2Fv2%2Fproduct_brand&post=3138"},{"taxonomy":"product_cat","embeddable":true,"href":"https:\/\/www.brulerie-chatelet.fr\/index.php?rest_route=%2Fwp%2Fv2%2Fproduct_cat&post=3138"},{"taxonomy":"product_tag","embeddable":true,"href":"https:\/\/www.brulerie-chatelet.fr\/index.php?rest_route=%2Fwp%2Fv2%2Fproduct_tag&post=3138"}],"curies":[{"name":"wp","href":"https:\/\/api.w.org\/{rel}","templated":true}]}}