{"id":3142,"date":"2025-10-02T09:53:56","date_gmt":"2025-10-02T09:53:56","guid":{"rendered":"https:\/\/www.brulerie-chatelet.fr\/?post_type=product&#038;p=3142"},"modified":"2026-02-19T13:38:34","modified_gmt":"2026-02-19T13:38:34","slug":"english-breakfast","status":"publish","type":"product","link":"https:\/\/www.brulerie-chatelet.fr\/?product=english-breakfast","title":{"rendered":"English Breakfast"},"content":{"rendered":"<p data-start=\"0\" data-end=\"408\"><strong data-start=\"0\" data-end=\"55\">English Breakfast \u2014 feuilles longues (Chine &amp; Inde)<\/strong> \u2014 Assemblage de th\u00e9s noirs en <strong data-start=\"86\" data-end=\"106\">feuilles longues<\/strong> pour une tasse ambr\u00e9e, droite et harmonieuse. La composante indienne apporte le <strong data-start=\"187\" data-end=\"202\">corps malt\u00e9<\/strong> et l\u2019\u00e9nergie, tandis que la partie chinoise signe une <strong data-start=\"257\" data-end=\"277\" data-is-only-node=\"\">douceur cacaot\u00e9e<\/strong>, des notes de fruits secs\/rouges et une l\u00e9g\u00e8re touche florale. Texture souple, astringence fine et finale nette, tr\u00e8s \u201cbreakfast\u201d.<\/p>\n<p data-start=\"410\" data-end=\"504\">Id\u00e9al <strong data-start=\"416\" data-end=\"426\">nature<\/strong> au petit-d\u00e9jeuner ; accepte aussi un <strong data-start=\"464\" data-end=\"481\">nuage de lait<\/strong> sans perdre sa clart\u00e9.<\/p>\n<p data-start=\"506\" data-end=\"641\"><em data-start=\"506\" data-end=\"641\">Conseils d\u2019infusion : 90\u201395 \u00b0C \u00b7 3\u20134 min \u00b7 2 g\/100 ml.<br data-start=\"561\" data-end=\"564\" \/>Pour une tasse plus cors\u00e9e : 4\u20135 min, puis ajuster lait\/sucre selon le go\u00fbt.<\/em><\/p>\n","protected":false},"excerpt":{"rendered":"<p data-start=\"0\" data-end=\"408\"><strong data-start=\"0\" data-end=\"55\">English Breakfast \u2014 feuilles longues (Chine &amp; Inde)<\/strong> \u2014 Assemblage de th\u00e9s noirs en <strong data-start=\"86\" data-end=\"106\">feuilles longues<\/strong> pour une tasse ambr\u00e9e, droite et harmonieuse. La composante indienne apporte le <strong data-start=\"187\" data-end=\"202\">corps malt\u00e9<\/strong> et l\u2019\u00e9nergie, tandis que la partie chinoise signe une <strong data-start=\"257\" data-end=\"277\" data-is-only-node=\"\">douceur cacaot\u00e9e<\/strong>, des notes de fruits secs\/rouges et une l\u00e9g\u00e8re touche florale. Texture souple, astringence fine et finale nette, tr\u00e8s \u201cbreakfast\u201d.<\/p>\n<p data-start=\"410\" data-end=\"504\">Id\u00e9al <strong data-start=\"416\" data-end=\"426\">nature<\/strong> au petit-d\u00e9jeuner ; accepte aussi un <strong data-start=\"464\" data-end=\"481\">nuage de lait<\/strong> sans perdre sa clart\u00e9.<\/p>\n<p data-start=\"506\" data-end=\"641\"><em data-start=\"506\" data-end=\"641\">Conseils d\u2019infusion : 90\u201395 \u00b0C \u00b7 3\u20134 min \u00b7 2 g\/100 ml.<br data-start=\"561\" data-end=\"564\" \/>Pour une tasse plus cors\u00e9e : 4\u20135 min, puis ajuster lait\/sucre selon le go\u00fbt.<\/em><\/p>\n","protected":false},"featured_media":3143,"template":"","meta":[],"product_brand":[],"product_cat":[125,65,115,67],"product_tag":[127],"class_list":{"0":"post-3142","1":"product","2":"type-product","3":"status-publish","4":"has-post-thumbnail","6":"product_cat-assemblages-the","7":"product_cat-the","8":"product_cat-the-noir","9":"product_cat-thes-natures","10":"product_tag-english-breakfast","12":"first","13":"instock","14":"taxable","15":"shipping-taxable","16":"purchasable","17":"product-type-variable"},"_links":{"self":[{"href":"https:\/\/www.brulerie-chatelet.fr\/index.php?rest_route=\/wp\/v2\/product\/3142","targetHints":{"allow":["GET"]}}],"collection":[{"href":"https:\/\/www.brulerie-chatelet.fr\/index.php?rest_route=\/wp\/v2\/product"}],"about":[{"href":"https:\/\/www.brulerie-chatelet.fr\/index.php?rest_route=\/wp\/v2\/types\/product"}],"wp:featuredmedia":[{"embeddable":true,"href":"https:\/\/www.brulerie-chatelet.fr\/index.php?rest_route=\/wp\/v2\/media\/3143"}],"wp:attachment":[{"href":"https:\/\/www.brulerie-chatelet.fr\/index.php?rest_route=%2Fwp%2Fv2%2Fmedia&parent=3142"}],"wp:term":[{"taxonomy":"product_brand","embeddable":true,"href":"https:\/\/www.brulerie-chatelet.fr\/index.php?rest_route=%2Fwp%2Fv2%2Fproduct_brand&post=3142"},{"taxonomy":"product_cat","embeddable":true,"href":"https:\/\/www.brulerie-chatelet.fr\/index.php?rest_route=%2Fwp%2Fv2%2Fproduct_cat&post=3142"},{"taxonomy":"product_tag","embeddable":true,"href":"https:\/\/www.brulerie-chatelet.fr\/index.php?rest_route=%2Fwp%2Fv2%2Fproduct_tag&post=3142"}],"curies":[{"name":"wp","href":"https:\/\/api.w.org\/{rel}","templated":true}]}}