{"id":3180,"date":"2025-10-07T09:03:57","date_gmt":"2025-10-07T09:03:57","guid":{"rendered":"https:\/\/www.brulerie-chatelet.fr\/?post_type=product&#038;p=3180"},"modified":"2026-02-19T13:38:34","modified_gmt":"2026-02-19T13:38:34","slug":"tisane-tresor-sauvage","status":"publish","type":"product","link":"https:\/\/www.brulerie-chatelet.fr\/?product=tisane-tresor-sauvage","title":{"rendered":"Tisane Tr\u00e9sor Sauvage"},"content":{"rendered":"<p data-start=\"0\" data-end=\"313\"><strong data-start=\"0\" data-end=\"47\">Infusion d\u2019\u00e9t\u00e9 \u2013 Pomme, Menthe &amp; Eucalyptus<\/strong> \u2014 Une tisane fra\u00eeche et lumineuse qui \u00e9voque une prairie ensoleill\u00e9e : croquant de <strong data-start=\"131\" data-end=\"140\" data-is-only-node=\"\">pomme<\/strong>, souffle de <strong data-start=\"153\" data-end=\"163\">menthe<\/strong> et d\u2019<strong data-start=\"169\" data-end=\"183\">eucalyptus<\/strong>, relev\u00e9s d\u2019une pointe de <strong data-start=\"209\" data-end=\"222\">gingembre<\/strong>. La tasse est nette, d\u00e9salt\u00e9rante, avec une douceur fruit\u00e9e et une finale rafra\u00eechissante.<\/p>\n<p data-start=\"315\" data-end=\"534\" data-is-last-node=\"\" data-is-only-node=\"\"><em data-start=\"315\" data-end=\"344\">Conseils d\u2019infusion (chaud)<\/em> : <strong data-start=\"347\" data-end=\"368\" data-is-only-node=\"\">100 \u00b0C \u00b7 5\u201310 min<\/strong> \u00b7 <strong data-start=\"371\" data-end=\"390\">4\u20135 c. \u00e0 caf\u00e9\/L<\/strong><br data-start=\"390\" data-end=\"393\" \/>(\u2248 1\u00bd\u20132 c. \u00e0 caf\u00e9 pour un mug de 300 ml).<br data-start=\"434\" data-end=\"437\" \/><em data-start=\"437\" data-end=\"453\">Version glac\u00e9e<\/em> : <strong data-start=\"456\" data-end=\"469\">12\u201315 g\/L<\/strong>, infusion \u00e0 froid <strong data-start=\"488\" data-end=\"497\">6\u20138 h<\/strong> au r\u00e9frig\u00e9rateur, filtrer et servir.<\/p>\n","protected":false},"excerpt":{"rendered":"<p data-start=\"0\" data-end=\"313\"><strong data-start=\"0\" data-end=\"47\">Infusion d\u2019\u00e9t\u00e9 \u2013 Pomme, Menthe &amp; Eucalyptus<\/strong> \u2014 Une tisane fra\u00eeche et lumineuse qui \u00e9voque une prairie ensoleill\u00e9e : croquant de <strong data-start=\"131\" data-end=\"140\" data-is-only-node=\"\">pomme<\/strong>, souffle de <strong data-start=\"153\" data-end=\"163\">menthe<\/strong> et d\u2019<strong data-start=\"169\" data-end=\"183\">eucalyptus<\/strong>, relev\u00e9s d\u2019une pointe de <strong data-start=\"209\" data-end=\"222\">gingembre<\/strong>. La tasse est nette, d\u00e9salt\u00e9rante, avec une douceur fruit\u00e9e et une finale rafra\u00eechissante.<\/p>\n<p data-start=\"315\" data-end=\"534\" data-is-last-node=\"\" data-is-only-node=\"\"><em data-start=\"315\" data-end=\"344\">Conseils d\u2019infusion (chaud)<\/em> : <strong data-start=\"347\" data-end=\"368\" data-is-only-node=\"\">100 \u00b0C \u00b7 5\u201310 min<\/strong> \u00b7 <strong data-start=\"371\" data-end=\"390\">4\u20135 c. \u00e0 caf\u00e9\/L<\/strong><br data-start=\"390\" data-end=\"393\" \/>(\u2248 1\u00bd\u20132 c. \u00e0 caf\u00e9 pour un mug de 300 ml).<br data-start=\"434\" data-end=\"437\" \/><em data-start=\"437\" data-end=\"453\">Version glac\u00e9e<\/em> : <strong data-start=\"456\" data-end=\"469\">12\u201315 g\/L<\/strong>, infusion \u00e0 froid <strong data-start=\"488\" data-end=\"497\">6\u20138 h<\/strong> au r\u00e9frig\u00e9rateur, filtrer et servir.<\/p>\n","protected":false},"featured_media":3178,"template":"","meta":[],"product_brand":[],"product_cat":[65,128],"product_tag":[130],"class_list":{"0":"post-3180","1":"product","2":"type-product","3":"status-publish","4":"has-post-thumbnail","6":"product_cat-the","7":"product_cat-tisane-infusion","8":"product_tag-tresor-sauvage","10":"first","11":"instock","12":"taxable","13":"shipping-taxable","14":"purchasable","15":"product-type-variable"},"_links":{"self":[{"href":"https:\/\/www.brulerie-chatelet.fr\/index.php?rest_route=\/wp\/v2\/product\/3180","targetHints":{"allow":["GET"]}}],"collection":[{"href":"https:\/\/www.brulerie-chatelet.fr\/index.php?rest_route=\/wp\/v2\/product"}],"about":[{"href":"https:\/\/www.brulerie-chatelet.fr\/index.php?rest_route=\/wp\/v2\/types\/product"}],"wp:featuredmedia":[{"embeddable":true,"href":"https:\/\/www.brulerie-chatelet.fr\/index.php?rest_route=\/wp\/v2\/media\/3178"}],"wp:attachment":[{"href":"https:\/\/www.brulerie-chatelet.fr\/index.php?rest_route=%2Fwp%2Fv2%2Fmedia&parent=3180"}],"wp:term":[{"taxonomy":"product_brand","embeddable":true,"href":"https:\/\/www.brulerie-chatelet.fr\/index.php?rest_route=%2Fwp%2Fv2%2Fproduct_brand&post=3180"},{"taxonomy":"product_cat","embeddable":true,"href":"https:\/\/www.brulerie-chatelet.fr\/index.php?rest_route=%2Fwp%2Fv2%2Fproduct_cat&post=3180"},{"taxonomy":"product_tag","embeddable":true,"href":"https:\/\/www.brulerie-chatelet.fr\/index.php?rest_route=%2Fwp%2Fv2%2Fproduct_tag&post=3180"}],"curies":[{"name":"wp","href":"https:\/\/api.w.org\/{rel}","templated":true}]}}