{"id":3183,"date":"2025-10-07T09:08:30","date_gmt":"2025-10-07T09:08:30","guid":{"rendered":"https:\/\/www.brulerie-chatelet.fr\/?post_type=product&#038;p=3183"},"modified":"2026-02-19T13:38:34","modified_gmt":"2026-02-19T13:38:34","slug":"tisane-fruits-dete","status":"publish","type":"product","link":"https:\/\/www.brulerie-chatelet.fr\/?product=tisane-fruits-dete","title":{"rendered":"Tisane Fruits d&rsquo;\u00c9t\u00e9"},"content":{"rendered":"<p data-start=\"0\" data-end=\"457\"><strong data-start=\"0\" data-end=\"52\">D\u00e9lice Fruits d\u2019\u00c9t\u00e9 \u2014 infusion fruits &amp; hibiscus<\/strong> \u2014 Un m\u00e9lange vif et gourmand de <strong data-start=\"85\" data-end=\"106\">fleurs d\u2019hibiscus<\/strong> et de <strong data-start=\"113\" data-end=\"121\" data-is-only-node=\"\">rose<\/strong>, d\u2019<strong data-start=\"125\" data-end=\"150\">\u00e9corces de cynorhodon<\/strong> et de <strong data-start=\"157\" data-end=\"178\">morceaux de pomme<\/strong>, relev\u00e9 d\u2019<strong data-start=\"189\" data-end=\"218\">ar\u00f4mes naturels de fruits<\/strong>. En tasse : robe rouge rubis, attaque acidul\u00e9e et d\u00e9salt\u00e9rante (hibiscus\/cynorhodon), c\u0153ur <strong data-start=\"310\" data-end=\"320\">fruit\u00e9<\/strong> (fruits rouges, p\u00eache) \u00e9quilibr\u00e9 par la <strong data-start=\"361\" data-end=\"384\">douceur de la pomme<\/strong>. Sans th\u00e9ine, parfait toute la journ\u00e9e \u2014 chaud ou <strong data-start=\"435\" data-end=\"456\">en version glac\u00e9e<\/strong>.<\/p>\n<p data-start=\"459\" data-end=\"610\"><em data-start=\"459\" data-end=\"488\">Conseils d\u2019infusion (chaud)<\/em> : <strong data-start=\"491\" data-end=\"530\">100 \u00b0C \u00b7 5\u201310 min \u00b7 4\u20135 c. \u00e0 caf\u00e9\/L<\/strong><br data-start=\"530\" data-end=\"533\" \/><em data-start=\"533\" data-end=\"550\">Infusion glac\u00e9e<\/em> : <strong data-start=\"553\" data-end=\"566\">12\u201315 g\/L<\/strong>, 6\u20138 h au r\u00e9frig\u00e9rateur, filtrer et servir.<\/p>\n","protected":false},"excerpt":{"rendered":"<p data-start=\"0\" data-end=\"457\"><strong data-start=\"0\" data-end=\"52\">D\u00e9lice Fruits d\u2019\u00c9t\u00e9 \u2014 infusion fruits &amp; hibiscus<\/strong> \u2014 Un m\u00e9lange vif et gourmand de <strong data-start=\"85\" data-end=\"106\">fleurs d\u2019hibiscus<\/strong> et de <strong data-start=\"113\" data-end=\"121\" data-is-only-node=\"\">rose<\/strong>, d\u2019<strong data-start=\"125\" data-end=\"150\">\u00e9corces de cynorhodon<\/strong> et de <strong data-start=\"157\" data-end=\"178\">morceaux de pomme<\/strong>, relev\u00e9 d\u2019<strong data-start=\"189\" data-end=\"218\">ar\u00f4mes naturels de fruits<\/strong>. En tasse : robe rouge rubis, attaque acidul\u00e9e et d\u00e9salt\u00e9rante (hibiscus\/cynorhodon), c\u0153ur <strong data-start=\"310\" data-end=\"320\">fruit\u00e9<\/strong> (fruits rouges, p\u00eache) \u00e9quilibr\u00e9 par la <strong data-start=\"361\" data-end=\"384\">douceur de la pomme<\/strong>. Sans th\u00e9ine, parfait toute la journ\u00e9e \u2014 chaud ou <strong data-start=\"435\" data-end=\"456\">en version glac\u00e9e<\/strong>.<\/p>\n<p data-start=\"459\" data-end=\"610\"><em data-start=\"459\" data-end=\"488\">Conseils d\u2019infusion (chaud)<\/em> : <strong data-start=\"491\" data-end=\"530\">100 \u00b0C \u00b7 5\u201310 min \u00b7 4\u20135 c. \u00e0 caf\u00e9\/L<\/strong><br data-start=\"530\" data-end=\"533\" \/><em data-start=\"533\" data-end=\"550\">Infusion glac\u00e9e<\/em> : <strong data-start=\"553\" data-end=\"566\">12\u201315 g\/L<\/strong>, 6\u20138 h au r\u00e9frig\u00e9rateur, filtrer et servir.<\/p>\n<p>Compagnie&amp;Co \u00e0 Dissay dans la Vienne, Douceur des Cimes est <strong>un m\u00e9lange original et naturel<\/strong> de m\u00e9lisse, de verveine, d\u2019orange et de cannelle, avec une note de pomme et d\u2019amande, le tout parsem\u00e9 de p\u00e9tales de pivoine.<\/p>\n<p>Des ingr\u00e9dients qui ont la r\u00e9putation d&rsquo;apporter un certain<strong> bien-\u00eatre<\/strong>, et d&rsquo;autres qui contribuent \u00e0 \u00e9veiller les papilles, pour en faire une tisane \u00e0 d\u00e9guster sans retenue apr\u00e8s les longues soir\u00e9es d&rsquo;hiver.<\/p>\n<p>Tout d&rsquo;abord la <strong>m\u00e9lisse<\/strong> :\u00a0 elle est riche en flavono\u00efdes, et en acides ph\u00e9nols, en plus de faciliter la digestion, elle poss\u00e8de des vertus s\u00e9datives et calmantes.<\/p>\n<p>Son l\u00e9ger parfum citronn\u00e9 \u00e9veille nos papilles.<\/p>\n<p>La <b>verveine<\/b>\u00a0a elle aussi de nombreuses vertus apaisantes.<\/p>\n<p><strong>Les autres fruits<\/strong> apportent un go\u00fbt agr\u00e9able et \u00e9quilibr\u00e9, et enfin la cannelle qui contient des antioxydants est utiles pour neutraliser les radicaux libres.<\/p>\n<p><strong>A infuser \u00e0 85-90\u00b0C pendant 3 \u00e0 5 minutes.<\/strong><\/p>\n","protected":false},"featured_media":3184,"template":"","meta":[],"product_brand":[],"product_cat":[65,128],"product_tag":[131],"class_list":{"0":"post-3183","1":"product","2":"type-product","3":"status-publish","4":"has-post-thumbnail","6":"product_cat-the","7":"product_cat-tisane-infusion","8":"product_tag-delice-de-fruits-dete","10":"first","11":"instock","12":"taxable","13":"shipping-taxable","14":"purchasable","15":"product-type-variable"},"_links":{"self":[{"href":"https:\/\/www.brulerie-chatelet.fr\/index.php?rest_route=\/wp\/v2\/product\/3183","targetHints":{"allow":["GET"]}}],"collection":[{"href":"https:\/\/www.brulerie-chatelet.fr\/index.php?rest_route=\/wp\/v2\/product"}],"about":[{"href":"https:\/\/www.brulerie-chatelet.fr\/index.php?rest_route=\/wp\/v2\/types\/product"}],"wp:featuredmedia":[{"embeddable":true,"href":"https:\/\/www.brulerie-chatelet.fr\/index.php?rest_route=\/wp\/v2\/media\/3184"}],"wp:attachment":[{"href":"https:\/\/www.brulerie-chatelet.fr\/index.php?rest_route=%2Fwp%2Fv2%2Fmedia&parent=3183"}],"wp:term":[{"taxonomy":"product_brand","embeddable":true,"href":"https:\/\/www.brulerie-chatelet.fr\/index.php?rest_route=%2Fwp%2Fv2%2Fproduct_brand&post=3183"},{"taxonomy":"product_cat","embeddable":true,"href":"https:\/\/www.brulerie-chatelet.fr\/index.php?rest_route=%2Fwp%2Fv2%2Fproduct_cat&post=3183"},{"taxonomy":"product_tag","embeddable":true,"href":"https:\/\/www.brulerie-chatelet.fr\/index.php?rest_route=%2Fwp%2Fv2%2Fproduct_tag&post=3183"}],"curies":[{"name":"wp","href":"https:\/\/api.w.org\/{rel}","templated":true}]}}