{"id":3260,"date":"2026-01-25T09:24:14","date_gmt":"2026-01-25T09:24:14","guid":{"rendered":"https:\/\/www.brulerie-chatelet.fr\/?post_type=product&#038;p=3260"},"modified":"2026-01-25T09:51:52","modified_gmt":"2026-01-25T09:51:52","slug":"rwanda-taba","status":"publish","type":"product","link":"https:\/\/www.brulerie-chatelet.fr\/?product=rwanda-taba","title":{"rendered":"Rwanda Taba Bio"},"content":{"rendered":"<p data-start=\"276\" data-end=\"619\">Cultiv\u00e9 dans la r\u00e9gion montagneuse du district de Gakenke, au nord du Rwanda, le caf\u00e9 <em data-start=\"362\" data-end=\"375\">Rwanda Taba<\/em> est un arabica lav\u00e9 issu de petites exploitations locales autour du village de Taba, situ\u00e9es entre 1 800 et 2 000 m\u00e8tres d&rsquo;altitude. Ce terroir, combin\u00e9 \u00e0 des pratiques agricoles soign\u00e9es, donne naissance \u00e0 un caf\u00e9 de sp\u00e9cialit\u00e9 \u00e9quilibr\u00e9, not\u00e9 84.5 par la SCA.<\/p>\n<p data-start=\"621\" data-end=\"974\">Son profil en tasse r\u00e9v\u00e8le une belle douceur, soutenue par une acidit\u00e9 mod\u00e9r\u00e9e et des notes v\u00e9g\u00e9tales d\u00e9licates qui \u00e9voquent le th\u00e9 vert ou les herbes fra\u00eeches. On y per\u00e7oit parfois des nuances florales ou de citronnelle, typiques de certains caf\u00e9s rwandais lav\u00e9s. L\u00e9ger en bouche, il conviendra particuli\u00e8rement aux amateurs de caf\u00e9s subtils et raffin\u00e9s.<\/p>\n<p data-start=\"621\" data-end=\"974\">Caf\u00e9 certifi\u00e9 biologique.<\/p>\n","protected":false},"excerpt":{"rendered":"<p data-start=\"276\" data-end=\"619\">Cultiv\u00e9 dans la r\u00e9gion montagneuse du district de Gakenke, au nord du Rwanda, le caf\u00e9 <em data-start=\"362\" data-end=\"375\">Rwanda Taba<\/em> est un arabica lav\u00e9 issu de petites exploitations locales autour du village de Taba, situ\u00e9es entre 1 800 et 2 000 m\u00e8tres d&rsquo;altitude. Ce terroir, combin\u00e9 \u00e0 des pratiques agricoles soign\u00e9es, donne naissance \u00e0 un caf\u00e9 de sp\u00e9cialit\u00e9 \u00e9quilibr\u00e9, not\u00e9 84.5 par la SCA.<\/p>\n<p data-start=\"621\" data-end=\"974\">Son profil en tasse r\u00e9v\u00e8le une belle douceur, soutenue par une acidit\u00e9 mod\u00e9r\u00e9e et des notes v\u00e9g\u00e9tales d\u00e9licates qui \u00e9voquent le th\u00e9 vert ou les herbes fra\u00eeches. On y per\u00e7oit parfois des nuances florales ou de citronnelle, typiques de certains caf\u00e9s rwandais lav\u00e9s. L\u00e9ger en bouche, il conviendra particuli\u00e8rement aux amateurs de caf\u00e9s subtils et raffin\u00e9s.<\/p>\n<p data-start=\"621\" data-end=\"974\">Caf\u00e9 certifi\u00e9 biologique.<\/p>\n","protected":false},"featured_media":3271,"template":"","meta":[],"product_brand":[],"product_cat":[36],"product_tag":[138],"class_list":{"0":"post-3260","1":"product","2":"type-product","3":"status-publish","4":"has-post-thumbnail","6":"product_cat-rwanda","7":"product_tag-rwanda-taba","9":"first","10":"instock","11":"taxable","12":"shipping-taxable","13":"purchasable","14":"product-type-variable"},"_links":{"self":[{"href":"https:\/\/www.brulerie-chatelet.fr\/index.php?rest_route=\/wp\/v2\/product\/3260","targetHints":{"allow":["GET"]}}],"collection":[{"href":"https:\/\/www.brulerie-chatelet.fr\/index.php?rest_route=\/wp\/v2\/product"}],"about":[{"href":"https:\/\/www.brulerie-chatelet.fr\/index.php?rest_route=\/wp\/v2\/types\/product"}],"wp:featuredmedia":[{"embeddable":true,"href":"https:\/\/www.brulerie-chatelet.fr\/index.php?rest_route=\/wp\/v2\/media\/3271"}],"wp:attachment":[{"href":"https:\/\/www.brulerie-chatelet.fr\/index.php?rest_route=%2Fwp%2Fv2%2Fmedia&parent=3260"}],"wp:term":[{"taxonomy":"product_brand","embeddable":true,"href":"https:\/\/www.brulerie-chatelet.fr\/index.php?rest_route=%2Fwp%2Fv2%2Fproduct_brand&post=3260"},{"taxonomy":"product_cat","embeddable":true,"href":"https:\/\/www.brulerie-chatelet.fr\/index.php?rest_route=%2Fwp%2Fv2%2Fproduct_cat&post=3260"},{"taxonomy":"product_tag","embeddable":true,"href":"https:\/\/www.brulerie-chatelet.fr\/index.php?rest_route=%2Fwp%2Fv2%2Fproduct_tag&post=3260"}],"curies":[{"name":"wp","href":"https:\/\/api.w.org\/{rel}","templated":true}]}}