{"id":867,"date":"2021-11-04T12:53:13","date_gmt":"2021-11-04T12:53:13","guid":{"rendered":"https:\/\/www.brulerie-chatelet.fr\/?post_type=product&#038;p=867"},"modified":"2025-09-30T12:50:44","modified_gmt":"2025-09-30T12:50:44","slug":"moka-sidamo-500g","status":"publish","type":"product","link":"https:\/\/www.brulerie-chatelet.fr\/?product=moka-sidamo-500g","title":{"rendered":"Moka Sidamo"},"content":{"rendered":"<p data-start=\"53\" data-end=\"244\">Le moka Sidamo compte parmi les grands caf\u00e9s d\u2019\u00c9thiopie. Issu de la r\u00e9gion du m\u00eame nom, au sud du pays, il est g\u00e9n\u00e9ralement cultiv\u00e9 en altitude, entre 1 600 et 2 100 m\u00e8tres par de tr\u00e8s petits producteurs r\u00e9unis en coop\u00e9ratives.<\/p>\n<p data-start=\"246\" data-end=\"485\">Appr\u00e9ci\u00e9 pour sa finesse, ce caf\u00e9 offre des ar\u00f4mes floraux et des notes d\u2019agrumes (citron, bergamote), parfois compl\u00e9t\u00e9es par des touches de fruits \u00e0 noyau. La tasse reste douce, \u00e9quilibr\u00e9e, avec une teneur faible en caf\u00e9ine qui le rend id\u00e9al en caf\u00e9 d&rsquo;apr\u00e8s-midi ou pour un caf\u00e9 du matin l\u00e9ger.<\/p>\n<p data-start=\"487\" data-end=\"584\">C\u2019est un caf\u00e9 tr\u00e8s versatile qui conviendra aussi bien aux expressos qu\u2019au caf\u00e9 filtre ou piston.<\/p>\n","protected":false},"excerpt":{"rendered":"<p data-start=\"53\" data-end=\"244\">Le moka Sidamo compte parmi les grands caf\u00e9s d\u2019\u00c9thiopie. Issu de la r\u00e9gion du m\u00eame nom, au sud du pays, il est g\u00e9n\u00e9ralement cultiv\u00e9 en altitude, entre 1 600 et 2 100 m\u00e8tres par de tr\u00e8s petits producteurs r\u00e9unis en coop\u00e9ratives.<\/p>\n<p data-start=\"246\" data-end=\"485\">Appr\u00e9ci\u00e9 pour sa finesse, ce caf\u00e9 offre des ar\u00f4mes floraux et des notes d\u2019agrumes (citron, bergamote), parfois compl\u00e9t\u00e9es par des touches de fruits \u00e0 noyau. La tasse reste douce, \u00e9quilibr\u00e9e, avec une teneur faible en caf\u00e9ine qui le rend id\u00e9al en caf\u00e9 d&rsquo;apr\u00e8s-midi ou pour un caf\u00e9 du matin l\u00e9ger.<\/p>\n<p data-start=\"487\" data-end=\"584\">C\u2019est un caf\u00e9 tr\u00e8s versatile qui conviendra aussi bien aux expressos qu\u2019au caf\u00e9 filtre ou piston.<\/p>\n","protected":false},"featured_media":2895,"template":"","meta":[],"product_brand":[],"product_cat":[28],"product_tag":[30],"class_list":{"0":"post-867","1":"product","2":"type-product","3":"status-publish","4":"has-post-thumbnail","6":"product_cat-ethiopie","7":"product_tag-moka-sidamo","9":"first","10":"instock","11":"taxable","12":"shipping-taxable","13":"purchasable","14":"product-type-variable"},"_links":{"self":[{"href":"https:\/\/www.brulerie-chatelet.fr\/index.php?rest_route=\/wp\/v2\/product\/867","targetHints":{"allow":["GET"]}}],"collection":[{"href":"https:\/\/www.brulerie-chatelet.fr\/index.php?rest_route=\/wp\/v2\/product"}],"about":[{"href":"https:\/\/www.brulerie-chatelet.fr\/index.php?rest_route=\/wp\/v2\/types\/product"}],"wp:featuredmedia":[{"embeddable":true,"href":"https:\/\/www.brulerie-chatelet.fr\/index.php?rest_route=\/wp\/v2\/media\/2895"}],"wp:attachment":[{"href":"https:\/\/www.brulerie-chatelet.fr\/index.php?rest_route=%2Fwp%2Fv2%2Fmedia&parent=867"}],"wp:term":[{"taxonomy":"product_brand","embeddable":true,"href":"https:\/\/www.brulerie-chatelet.fr\/index.php?rest_route=%2Fwp%2Fv2%2Fproduct_brand&post=867"},{"taxonomy":"product_cat","embeddable":true,"href":"https:\/\/www.brulerie-chatelet.fr\/index.php?rest_route=%2Fwp%2Fv2%2Fproduct_cat&post=867"},{"taxonomy":"product_tag","embeddable":true,"href":"https:\/\/www.brulerie-chatelet.fr\/index.php?rest_route=%2Fwp%2Fv2%2Fproduct_tag&post=867"}],"curies":[{"name":"wp","href":"https:\/\/api.w.org\/{rel}","templated":true}]}}